{"id":33,"date":"2024-03-26T20:14:36","date_gmt":"2024-03-26T19:14:36","guid":{"rendered":"https:\/\/intranet-backup.ita.chalmers.se\/?page_id=33"},"modified":"2024-05-14T15:22:24","modified_gmt":"2024-05-14T13:22:24","slug":"kontakt","status":"publish","type":"page","link":"https:\/\/intranet-backup.ita.chalmers.se\/?page_id=33","title":{"rendered":"Kontakt"},"content":{"rendered":"\n<p><strong>Chalmers Servicecenter<br><\/strong>E-post: <a href=\"mailto:kontakt@chalmers.se\">kontakt@chalmers.se<\/a><br><a href=\"https:\/\/www.chalmers.se\/om-chalmers\/kontakt\/chalmers-servicecenter\/\">Bes\u00f6kstider f\u00f6r Chalmers Servicecenter<\/a><\/p>\n\n\n\n<p><strong>Chalmers v\u00e4xel<br><\/strong>Telefon: 031-772 1000<\/p>\n\n\n\n<p><strong>Registrator<\/strong><br>E-post: <a href=\"mailto:registrator@chalmers.se\">registrator@chalmers.se<\/a><\/p>\n\n\n\n<p><strong>It-support<br><\/strong>E-post: <a href=\"mailto:it-support@chalmers.se\">it-support@chalmers.se<\/a><br>Telefon: 031-772 6600<\/p>\n\n\n\n<p><strong>Intran\u00e4tsupport<\/strong><br>E-post: <a href=\"mailto:intranet@chalmers.se\">intranet@chalmers.se<\/a><\/p>\n\n\n\n<h2 class=\"wp-block-heading\">Om n\u00e5got allvarligt h\u00e4nder<\/h2>\n\n\n\n<p><strong>Chalmers larmnummer \/ Chalmersvakten<br><\/strong>Tj\u00e4nsteman i beredskap n\u00e5s via samma nummer.<br>Telefon: 031-772 4488<\/p>\n\n\n\n<p><strong>SOS Alarm<\/strong><br>Telefon: 112<\/p>\n\n\n\n<p><strong>S\u00e4kerhetssamordnare<\/strong><br>Telefon: 031-772 6601<strong><br><\/strong><br><\/p>\n","protected":false},"excerpt":{"rendered":"<p>Chalmers ServicecenterE-post: kontakt@chalmers.seBes\u00f6kstider f\u00f6r Chalmers Servicecenter Chalmers v\u00e4xelTelefon: 031-772 1000 RegistratorE-post: registrator@chalmers.se It-supportE-post: it-support@chalmers.seTelefon: 031-772 6600 Intran\u00e4tsupportE-post: intranet@chalmers.se Om n\u00e5got allvarligt h\u00e4nder Chalmers larmnummer \/ ChalmersvaktenTj\u00e4nsteman i beredskap n\u00e5s via samma nummer.Telefon: 031-772 4488 SOS AlarmTelefon: 112 S\u00e4kerhetssamordnareTelefon: 031-772 6601<\/p>\n","protected":false},"author":3,"featured_media":0,"parent":0,"menu_order":0,"comment_status":"closed","ping_status":"closed","template":"","meta":{"footnotes":""},"class_list":["post-33","page","type-page","status-publish","hentry"],"_links":{"self":[{"href":"https:\/\/intranet-backup.ita.chalmers.se\/index.php?rest_route=\/wp\/v2\/pages\/33","targetHints":{"allow":["GET"]}}],"collection":[{"href":"https:\/\/intranet-backup.ita.chalmers.se\/index.php?rest_route=\/wp\/v2\/pages"}],"about":[{"href":"https:\/\/intranet-backup.ita.chalmers.se\/index.php?rest_route=\/wp\/v2\/types\/page"}],"author":[{"embeddable":true,"href":"https:\/\/intranet-backup.ita.chalmers.se\/index.php?rest_route=\/wp\/v2\/users\/3"}],"replies":[{"embeddable":true,"href":"https:\/\/intranet-backup.ita.chalmers.se\/index.php?rest_route=%2Fwp%2Fv2%2Fcomments&post=33"}],"version-history":[{"count":4,"href":"https:\/\/intranet-backup.ita.chalmers.se\/index.php?rest_route=\/wp\/v2\/pages\/33\/revisions"}],"predecessor-version":[{"id":76,"href":"https:\/\/intranet-backup.ita.chalmers.se\/index.php?rest_route=\/wp\/v2\/pages\/33\/revisions\/76"}],"wp:attachment":[{"href":"https:\/\/intranet-backup.ita.chalmers.se\/index.php?rest_route=%2Fwp%2Fv2%2Fmedia&parent=33"}],"curies":[{"name":"wp","href":"https:\/\/api.w.org\/{rel}","templated":true}]}}