{"id":19,"date":"2024-03-26T14:04:33","date_gmt":"2024-03-26T13:04:33","guid":{"rendered":"https:\/\/intranet-backup.ita.chalmers.se\/?page_id=19"},"modified":"2024-05-14T15:16:13","modified_gmt":"2024-05-14T13:16:13","slug":"e-tjanster","status":"publish","type":"page","link":"https:\/\/intranet-backup.ita.chalmers.se\/?page_id=19","title":{"rendered":"E-tj\u00e4nster"},"content":{"rendered":"\n<p>H\u00e4r listas Chalmers vanligaste e-tj\u00e4nster, portaler och system.<\/p>\n\n\n\n<p>Notera: Vissa e-tj\u00e4nster, som en del av bibliotekets databaser, g\u00e5r inte att n\u00e5 om du \u00e4r uppkopplad via \u201dAlwaysOn VPN\u201d. Om du beh\u00f6ver komma \u00e5t en s\u00e5dan tj\u00e4nst, koppla fr\u00e5n AlwaysOn VPN och \u00e5teranslut med \u201dVPN to Chalmers &#8211; SSTP\u201d ist\u00e4llet.<\/p>\n\n\n\n<p><strong><a href=\"http:\/\/2c8.portal.chalmers.se\/\" data-type=\"link\" data-id=\"http:\/\/2c8.portal.chalmers.se\/\" target=\"_blank\" rel=\"noreferrer noopener\">2c8: Pro\u00adcesskar\u00adtor och do\u00adku\u00admenthan\u00adte\u00adrings\u00adplan <\/a><\/strong><br>Verktyget visar Chalmers verksamhetsprocesser i form av fl\u00f6den samt beskriver hur verksamhetens dokument ska hanteras.<\/p>\n\n\n\n<p><strong><a href=\"https:\/\/chalmers.miljodata.se\/ticketserver?system=adato\" target=\"_blank\" rel=\"noreferrer noopener\">Ada\u00adto: Sjuk\u00adfr\u00e5n\u00adva\u00adro- och re\u00adha\u00adbi\u00adli\u00adte\u00adrings\u00adverk\u00adtyg<br><\/a><\/strong>Verktyg till st\u00f6d f\u00f6r chefer i rehabiliteringsprocessen.<\/p>\n\n\n\n<p><strong><a href=\"https:\/\/contracts.opic.com\/Home\" target=\"_blank\" rel=\"noreferrer noopener\">Av\u00adtals\u00adda\u00adta\u00adba\u00adsen: Chal\u00admers upp\u00adhand\u00adla\u00adde ra\u00admav\u00adtal<br><\/a><\/strong>Chalmers alla ramavtal samlade och s\u00f6kbara.<\/p>\n\n\n\n<p><strong><a href=\"https:\/\/chalmersuniversity.app.box.com\/login\" target=\"_blank\" rel=\"noreferrer noopener\">Box: Moln\u00adlag\u00adring av do\u00adku\u00adment<br><\/a><\/strong>Tj\u00e4nst f\u00f6r molnlagring av dokument, i f\u00f6rsta hand avsett f\u00f6r arbetsmaterial.<br>Notera: Verktyget \u00e4r under avveckling<\/p>\n\n\n\n<p><strong><a href=\"https:\/\/maps.chalmers.se\/\" target=\"_blank\" rel=\"noreferrer noopener\">Cam\u00adpus maps: Kart\u00adtj\u00e4nst<br><\/a><\/strong>Karttj\u00e4nst med information om bland annat lokaler, institutioner, bibliotek, studenttj\u00e4nster, restauranger.<\/p>\n\n\n\n<p><strong><a href=\"https:\/\/canvas.chalmers.se\/\" target=\"_blank\" rel=\"noreferrer noopener\">Can\u00advas: L\u00e4r\u00adplatt\u00adform<\/a><\/strong><br>P\u00e5 Chalmers anv\u00e4nder vi l\u00e4rplattformen Canvas som ett verktyg f\u00f6r att skapa kurshemsidor samt som ett st\u00f6d f\u00f6r ett effektivt l\u00e4rande.<\/p>\n\n\n\n<p><a href=\"https:\/\/c360.chalmers.se\/\"><strong>Chalmers 360: Diarie- och dokumenthanteringssystem<\/strong><\/a><br>System f\u00f6r att diarief\u00f6ra, signera och arkivera dokument som ska bevaras.<\/p>\n\n\n\n<p><strong><a href=\"https:\/\/dsw.chalmers.se\/\">Chalmers DS Wizard: Datahanteringsplaner<\/a><\/strong><br>Verktyg f\u00f6r att skapa och underh\u00e5lla datahanteringsplaner i forskningsprojekt.<\/p>\n\n\n\n<p><a href=\"https:\/\/odr.chalmers.se\/home\"><strong>Chalmers ODR: \u00d6ppet digitalt arkiv f\u00f6r studentarbeten<\/strong><br><\/a>Chalmers \u00f6ppna digitala arkiv (ODR) \u00e4r en tj\u00e4nst fr\u00e5n Chalmers bibliotek som inneh\u00e5ller studentarbeten utgivna p\u00e5 l\u00e4ros\u00e4tet.<\/p>\n\n\n\n<p><strong><a href=\"https:\/\/play.chalmers.se\/\">Chalmers Play: Chalmers videoplattform<\/a><\/strong><br>Plattform f\u00f6r att skapa, publicera, str\u00f6mma och dela video. Plattformen har \u00e4ven st\u00f6d f\u00f6r automatgenererade undertexter.<\/p>\n\n\n\n<p><a href=\"https:\/\/choodle.portal.chalmers.se\/\"><strong>Choodle: Enk\u00e4t- och m\u00f6tesbokningsverktyg<\/strong><br><\/a>Chalmerstj\u00e4nst f\u00f6r att planera m\u00f6ten eller f\u00e5 beslutsunderlag genom enklare enk\u00e4ter.<\/p>\n\n\n\n<p><strong><a href=\"https:\/\/doris.snd.gu.se\/\">DORIS: Verktyg f\u00f6r publicering av forskningsdata<br><\/a><\/strong>Skapa och organisera databeskrivningar som ska g\u00f6ras tillg\u00e4ngliga i Svensk nationell datatj\u00e4nst SND:s forskningsdatakatalog.<\/p>\n\n\n\n<p><strong><a href=\"https:\/\/edusign.sunet.se\/\">Edusign: E-signeringstj\u00e4nst<br><\/a><\/strong>Tj\u00e4nst f\u00f6r att ladda upp och digitalt signera och validera PDF- eller XML-dokument.<\/p>\n\n\n\n<p><strong><a href=\"https:\/\/chalmers.egencia.se\/\">Egencia: Bokningsportal f\u00f6r tj\u00e4nsteresor<br><\/a><\/strong>Chalmers upphandlade resebyr\u00e5 f\u00f6r tj\u00e4nsteresor.<\/p>\n\n\n\n<p><strong><a href=\"https:\/\/eko.portal.chalmers.se\/\">EKO: Kontraktshantering<br><\/a><\/strong>System f\u00f6r kontraktshantering och uppf\u00f6ljning av externa bidragsmedel och externa forskningsuppdrag.<\/p>\n\n\n\n<p><strong><a href=\"https:\/\/www.epassi.se\/\">Epassi: Friskv\u00e5rdsportal<br><\/a><\/strong>Du best\u00e4ller det du \u00f6nskar k\u00f6pa via Epassis app eller online. Vid f\u00f6rsta bes\u00f6ket hos leverant\u00f6ren visar du sedan ditt digitala kvitto.<\/p>\n\n\n\n<p><strong><a href=\"https:\/\/outlook.com\/chalmers.se\">Exchange: Webmail<br><\/a><\/strong>Outlook p\u00e5 webben.<\/p>\n\n\n\n<p><strong><a href=\"https:\/\/annonsportal.chalmers.se\/CareerServices\/for-employers\/se\/Employer\/Login\">Exjobbsportalen: Annonsering av examensprojekt<br><\/a><\/strong>System f\u00f6r att annonsera lediga examensprojekt (15, 30 och 60 hp).<\/p>\n\n\n\n<p><strong><a href=\"https:\/\/hypergene.chalmers.se\/hypergene\/hg2\/reports\/82.portal\">Hypergene: Ekonomiplanering<br><\/a><\/strong>System f\u00f6r ekonomisk planering, budget, rullande prognoser och uppf\u00f6ljning.<\/p>\n\n\n\n<p><strong><a href=\"https:\/\/app.iasystemet.se\/Authentication\/LoginSSO\/chalmers\">IA: Incidentrapportering<br><\/a><\/strong>Digitalt incidenthanteringssystem f\u00f6r rapportering av olyckor och tillbud.<\/p>\n\n\n\n<p><strong><a href=\"https:\/\/chalmers.inspera.com\/admin\">Inspera: Digital tentamen<br><\/a><\/strong>Molnbaserad plattform f\u00f6r att skapa, genomf\u00f6ra och bed\u00f6ma digital tentamen.<\/p>\n\n\n\n<p><a href=\"https:\/\/vgrgu.port.se\/alphaquest\/app_cth\/pcmain.cfm\"><strong>KLARA: Chalmers kemikaliehanteringssystem<\/strong><br><\/a>Webbaserat system f\u00f6r att s\u00f6ka, inventera, sammanst\u00e4lla, visa och f\u00f6lja upp information om kemikalier och kemiska produkter p\u00e5 Chalmers.<\/p>\n\n\n\n<p><strong><a href=\"https:\/\/www.start.ladok.se\/gui\/loggain\">Ladok f\u00f6r personal: Studiedokumentationssystem<br><\/a><\/strong>I systemet finns uppgifter om utbildningsutbud i form av kurser och utbildningsprogram samt studiedokumentation f\u00f6r alla utbildningsniv\u00e5er.<\/p>\n\n\n\n<p><strong><a href=\"https:\/\/www.student.ladok.se\/student\/loggain#\">Ladok f\u00f6r studenter: Studiedokumentationssystem<br><\/a><\/strong>I Ladoks studentgr\u00e4nssnitt kan doktorander se sina registrerade resultat och ta ut intyg \u00f6ver registrering och studieresultat.<\/p>\n\n\n\n<p><strong><a href=\"https:\/\/chalmers.mediaflowportal.com\/\">Mediaflow: Mediabank<br><\/a><\/strong>Chalmers bildarkiv och mediabank med bilder som i huvudsak r\u00f6r Chalmers verksamhet.<\/p>\n\n\n\n<p><strong><a href=\"https:\/\/cth-bo.moveon4.de\/\">MoveOn: Administrationssystem f\u00f6r utbyten<br><\/a><\/strong>System f\u00f6r hantering av inresande och utresande utbytesstudenter.<\/p>\n\n\n\n<p><strong><a href=\"https:\/\/myaccount.chalmers.se\/\">MyAccount: Administration av ditt Chalmerskonto (CID)<br><\/a><\/strong>\u00c4ndra l\u00f6senord och kontaktuppgifter f\u00f6r ditt Chalmerskonto, byt pinkod p\u00e5 ditt passerkort, eller aktivera ditt Chalmerskonto f\u00f6r f\u00f6rsta g\u00e5ngen.<\/p>\n\n\n\n<p><strong><a href=\"https:\/\/expert.antagning.se\/start\">NyA-webben: Webbversion av det nationella antagningssystemet<br><\/a><\/strong>Se enskilda s\u00f6kandes meriter och dokument och\/eller anm\u00e4lningar per enstaka program.<\/p>\n\n\n\n<p><strong><a href=\"https:\/\/orcid.chalmers.se\/\">ORCID: Open Researcher and Contributor ID<br><\/a><\/strong>Internationellt register med unika forskar-id som bland annat kan anv\u00e4ndas f\u00f6r att knyta publikationer till r\u00e4tt forskare. H\u00e4r kan du skaffa ett nytt eller koppla ett befintligt ORCID till Chalmers.<\/p>\n\n\n\n<p><strong><a href=\"https:\/\/secure.urkund.com\/login\/sign-in\">Ouriginal (Urkund): Verktyg f\u00f6r plagiatkontroll<br><\/a><\/strong>Webbaserad textmatchningstj\u00e4nst som anv\u00e4nds f\u00f6r att f\u00f6rebygga och uppt\u00e4cka plagiering.<\/p>\n\n\n\n<p><strong><a href=\"https:\/\/www.overleaf.com\/edu\/chalmers\">Overleaf: Online LaTeX-redigerare<br><\/a><\/strong>Overleaf m\u00f6jligg\u00f6r samarbete i realtid och ger dig kontroll \u00f6ver vetenskapliga dokument som inneh\u00e5ller komplexa matematiska uttryck.<\/p>\n\n\n\n<p><strong><a href=\"https:\/\/pdb.chalmers.se\/\">PDB: Persondatabas<br><\/a><\/strong>Chalmers persondatabas\/datorkontosystem (PDB) \u00e4r Chalmers centrala resurs f\u00f6r att hantera person- och datorkontoinformation.<\/p>\n\n\n\n<p><strong><a href=\"https:\/\/www.ppsonline.se\/chalmers\/sv\/main\">PPS Online: Projektverktyg<br><\/a><\/strong>H\u00e4r hittar du f\u00e4rdigheter och mallar f\u00f6r projektstyrning i utvecklingsprojekt.<\/p>\n\n\n\n<p><strong><a href=\"https:\/\/personal.portal.chalmers.se\/chalmers\/\">Primula: Personalsystem<br><\/a><\/strong>L\u00f6nesystem d\u00e4r du egenrapporterar de flesta avvikelser kopplade till din anst\u00e4llning, som semesterans\u00f6kan, v\u00e5rd av sjukt barn, ledigheter, registrerar \u00f6vertid med mera.<\/p>\n\n\n\n<p><strong><a href=\"https:\/\/www.proceedo.net\/weblogic\/samlRequest?idp=chalmers\">Proceedo: Fakturahanteringssystem<br><\/a><\/strong>Webbaserat system f\u00f6r ink\u00f6p och fakturahantering.<\/p>\n\n\n\n<p><strong><a href=\"http:\/\/beslutsstod.portal.chalmers.se\/\">QlikView: Beslutsst\u00f6d<br><\/a><\/strong>Beslutsst\u00f6det QlikView best\u00e5r av olika frist\u00e5ende moduler. N\u00e5gra av dessa \u00e4r tillg\u00e4ngliga f\u00f6r alla, andra kr\u00e4ver s\u00e4rskild beh\u00f6righet.<\/p>\n\n\n\n<p><strong><a href=\"https:\/\/raindance.chalmers.se\/rp\/SSO\/Saml\">Raindance: Ekonomisystem<br><\/a><\/strong>System f\u00f6r hantering av bokf\u00f6ringsorder, anl\u00e4ggningsregister, kundfakturor, internfakturor och in- och utbetalningar.<\/p>\n\n\n\n<p><strong><a href=\"http:\/\/login.reachmee.com\/chalmers\">ReachMee: Rekryteringssystem<br><\/a><\/strong>System f\u00f6r rekryteringar och befordringar p\u00e5 Chalmers.<\/p>\n\n\n\n<p><strong><a href=\"https:\/\/www.researchprofessional.com\/sso\/login\">Research Professional: Utlysningsdatabas<br><\/a><\/strong>Databas med aktuella utlysningar om forskningsfinansiering.<\/p>\n\n\n\n<p><strong><a href=\"https:\/\/research.chalmers.se\/\">Research.chalmers.se: Forskningsportal<br><\/a><\/strong>Databas med information om Chalmers forskning, projekt, personer och publikationer.<\/p>\n\n\n\n<p><strong><a href=\"https:\/\/infoscreen.portal.chalmers.se\/\">Smartsign: Publiceringsverktyg f\u00f6r digitala sk\u00e4rmar<br><\/a><\/strong>Verktyg f\u00f6r publicering av digitala sk\u00e4rmbilder p\u00e5 campus.<\/p>\n\n\n\n<p><strong><a href=\"https:\/\/www.studat.chalmers.se\/\">StuDAT: Datorsalar och programvaror f\u00f6r undervisningen<br><\/a><\/strong>Information om datorsalarna och m\u00f6jlighet f\u00f6r StuDAT-best\u00e4llare att logga in och best\u00e4lla kursprogramvaror (lokala till\u00e4gg).<\/p>\n\n\n\n<p><strong><a href=\"https:\/\/www.student.chalmers.se\/\">Studieportalen: Studieadministrativa tj\u00e4nster<br><\/a><\/strong>Planering och presentation av utbildningsutbud och tentamensdatum, hantering av kandidatarbetsval med mera.<\/p>\n\n\n\n<p><strong><a href=\"https:\/\/course-eval.portal.chalmers.se\/SR\/admin\">Survey&amp;Report: Kursenk\u00e4tsystem<br><\/a><\/strong>System f\u00f6r dig som arbetar med kursenk\u00e4ter f\u00f6r alla Chalmers kurser p\u00e5 grundniv\u00e5 eller avancerad niv\u00e5.<\/p>\n\n\n\n<p><strong><a href=\"https:\/\/tendsign.com\/login.aspx?SAML2ID=8o5Ea37+wDuK2AKUp9rLogA=\">TendSign: Upphandlingsverktyg<br><\/a><\/strong>System f\u00f6r elektroniska upphandlingar. Tj\u00e4nsten \u00e4r tillg\u00e4nglig f\u00f6r dig som f\u00e5tt utbildning och beh\u00f6righet till verktyget.<\/p>\n\n\n\n<p><strong><a href=\"https:\/\/cloud.timeedit.net\/chalmers\/web\/planedit1\/\">TimeEdit plan: Resursplaneringsverktyg av kurser<br><\/a><\/strong>Verktyg f\u00f6r tj\u00e4nsteplanering av undervisande personal och bemanning av kurser.<\/p>\n\n\n\n<p><strong><a href=\"https:\/\/cloud.timeedit.net\/chalmers\/web\/b2\/\">TimeEdit salsbokning: Lokal- och utrustningsbokning<br><\/a><\/strong>System f\u00f6r lokal- och utrustningsbokning f\u00f6r icke kursrelaterad aktivitet.<\/p>\n\n\n\n<p><strong><a href=\"https:\/\/cloud.timeedit.net\/chalmers\/web\/\">TimeEdit schema: Schemabokning f\u00f6r kurs och program<br><\/a><\/strong>System f\u00f6r schemal\u00e4ggning.<\/p>\n\n\n\n<p><strong><a href=\"https:\/\/chalmers.topdesk.net\/tas\/public\/ssp\/\">Topdesk serviceportal: Tj\u00e4nster, kunskapsartiklar och uppf\u00f6ljning av \u00e4renden<br><\/a><\/strong>Anv\u00e4ndarens ing\u00e5ng till \u00e4rendehanteringssystemet Topdesk.<\/p>\n\n\n\n<p><strong><a href=\"https:\/\/chalmers.topdesk.net\/tas\/secure\/login\/saml\">Topdesk \u00e4rendehantering: \u00c4rendehanteringssystem<br><\/a><\/strong>Handl\u00e4ggarens ing\u00e5ng till \u00e4rendehanteringssystemet Topdesk.<\/p>\n\n\n\n<p><strong><a href=\"https:\/\/app.ungapped.com\/Account\/SignIn\">Ungapped: Nyhetsbrevsverktyg<br><\/a><\/strong>Verktyg f\u00f6r att skapa, testa, skicka och utv\u00e4rdera nyhetsbrev, inbjudningar och enk\u00e4ter.<\/p>\n\n\n\n<p><strong><a href=\"https:\/\/chalmers.zoom.us\/\">Zoom: M\u00f6tesverktyg f\u00f6r videokonferens<br><\/a><\/strong>Tj\u00e4nst f\u00f6r videokonferenser och digitala m\u00f6ten, l\u00e4mpad f\u00f6r externa m\u00f6ten och webbinarier.<\/p>\n\n\n\n<p><strong><a href=\"https:\/\/reuse.chalmers.se\/\">\u00c5terbrukswebben: Best\u00e4llningstj\u00e4nst f\u00f6r intern cirkulering av produkter<\/a><\/strong><br>Best\u00e4llningstj\u00e4nst f\u00f6r internt \u00e5terbruk av it-tillbeh\u00f6r och kontorsm\u00f6bler.<\/p>\n","protected":false},"excerpt":{"rendered":"<p>H\u00e4r listas Chalmers vanligaste e-tj\u00e4nster, portaler och system. Notera: Vissa e-tj\u00e4nster, som en del av bibliotekets databaser, g\u00e5r inte att n\u00e5 om du \u00e4r uppkopplad via \u201dAlwaysOn VPN\u201d. Om du beh\u00f6ver komma \u00e5t en s\u00e5dan tj\u00e4nst, koppla fr\u00e5n AlwaysOn VPN och \u00e5teranslut med \u201dVPN to Chalmers &#8211; SSTP\u201d ist\u00e4llet. 2c8: Pro\u00adcesskar\u00adtor och do\u00adku\u00admenthan\u00adte\u00adrings\u00adplan Verktyget visar [&hellip;]<\/p>\n","protected":false},"author":3,"featured_media":0,"parent":0,"menu_order":0,"comment_status":"closed","ping_status":"closed","template":"","meta":{"footnotes":""},"class_list":["post-19","page","type-page","status-publish","hentry"],"_links":{"self":[{"href":"https:\/\/intranet-backup.ita.chalmers.se\/index.php?rest_route=\/wp\/v2\/pages\/19","targetHints":{"allow":["GET"]}}],"collection":[{"href":"https:\/\/intranet-backup.ita.chalmers.se\/index.php?rest_route=\/wp\/v2\/pages"}],"about":[{"href":"https:\/\/intranet-backup.ita.chalmers.se\/index.php?rest_route=\/wp\/v2\/types\/page"}],"author":[{"embeddable":true,"href":"https:\/\/intranet-backup.ita.chalmers.se\/index.php?rest_route=\/wp\/v2\/users\/3"}],"replies":[{"embeddable":true,"href":"https:\/\/intranet-backup.ita.chalmers.se\/index.php?rest_route=%2Fwp%2Fv2%2Fcomments&post=19"}],"version-history":[{"count":16,"href":"https:\/\/intranet-backup.ita.chalmers.se\/index.php?rest_route=\/wp\/v2\/pages\/19\/revisions"}],"predecessor-version":[{"id":74,"href":"https:\/\/intranet-backup.ita.chalmers.se\/index.php?rest_route=\/wp\/v2\/pages\/19\/revisions\/74"}],"wp:attachment":[{"href":"https:\/\/intranet-backup.ita.chalmers.se\/index.php?rest_route=%2Fwp%2Fv2%2Fmedia&parent=19"}],"curies":[{"name":"wp","href":"https:\/\/api.w.org\/{rel}","templated":true}]}}